{"id":9,"date":"2020-12-03T12:37:33","date_gmt":"2020-12-03T11:37:33","guid":{"rendered":"http:\/\/dmbtape.com\/?page_id=9"},"modified":"2024-04-04T14:04:29","modified_gmt":"2024-04-04T12:04:29","slug":"products","status":"publish","type":"page","link":"https:\/\/dmbtape.com\/sr\/products\/","title":{"rendered":"Proizvodi"},"content":{"rendered":"<div data-elementor-type=\"wp-page\" data-elementor-id=\"9\" class=\"elementor elementor-9\">\n\t\t\t\t\t\t<div class=\"elementor-inner\">\n\t\t\t\t<div class=\"elementor-section-wrap\">\n\t\t\t\t\t\t\t\t\t<section class=\"elementor-section elementor-top-section elementor-element elementor-element-edc2008 elementor-section-stretched elementor-section-boxed elementor-section-height-default elementor-section-height-default\" data-id=\"edc2008\" data-element_type=\"section\" data-settings=\"{&quot;stretch_section&quot;:&quot;section-stretched&quot;}\">\n\t\t\t\t\t\t<div class=\"elementor-container elementor-column-gap-default\">\n\t\t\t\t\t\t\t<div class=\"elementor-row\">\n\t\t\t\t\t<div class=\"elementor-column elementor-col-100 elementor-top-column elementor-element elementor-element-558ef1b1\" data-id=\"558ef1b1\" data-element_type=\"column\">\n\t\t\t<div class=\"elementor-column-wrap elementor-element-populated\">\n\t\t\t\t\t\t\t<div class=\"elementor-widget-wrap\">\n\t\t\t\t\t\t<div class=\"elementor-element elementor-element-39406e00 elementor-widget elementor-widget-text-editor\" data-id=\"39406e00\" data-element_type=\"widget\" data-widget_type=\"text-editor.default\">\n\t\t\t\t<div class=\"elementor-widget-container\">\n\t\t\t\t\t\t\t\t<div class=\"elementor-text-editor elementor-clearfix\">\n\t\t\t\t\t\t\t\t\t<\/div>\n\t\t\t\t\t\t<\/div>\n\t\t\t\t<\/div>\n\t\t\t\t<div class=\"elementor-element elementor-element-60563da elementor-widget elementor-widget-spacer\" data-id=\"60563da\" data-element_type=\"widget\" data-widget_type=\"spacer.default\">\n\t\t\t\t<div class=\"elementor-widget-container\">\n\t\t\t\t\t<div class=\"elementor-spacer\">\n\t\t\t<div class=\"elementor-spacer-inner\"><\/div>\n\t\t<\/div>\n\t\t\t\t<\/div>\n\t\t\t\t<\/div>\n\t\t\t\t<div class=\"elementor-element elementor-element-8729245 elementor-widget__width-auto elementor-widget elementor-widget-text-editor\" data-id=\"8729245\" data-element_type=\"widget\" data-widget_type=\"text-editor.default\">\n\t\t\t\t<div class=\"elementor-widget-container\">\n\t\t\t\t\t\t\t\t<div class=\"elementor-text-editor elementor-clearfix\">\n\t\t\t\t<p>Proizvodimo visokokvalitetne i raznovrsne proizvode iz oblasti suve gradnje, izolacije i zaptivanja. Tako\u0111e nudimo i bilo koje \u0161tancovane delove. S jedne strane radimo sa potpuno automatizovanim ma\u0161inama, s druge strane ru\u010dno proizvodimo odre\u0111ene proizvode koji zahtevaju veliku pa\u017enju pri izradi.<\/p>\t\t\t\t\t<\/div>\n\t\t\t\t\t\t<\/div>\n\t\t\t\t<\/div>\n\t\t\t\t<div class=\"elementor-element elementor-element-3b85981 elementor-widget elementor-widget-spacer\" data-id=\"3b85981\" data-element_type=\"widget\" data-widget_type=\"spacer.default\">\n\t\t\t\t<div class=\"elementor-widget-container\">\n\t\t\t\t\t<div class=\"elementor-spacer\">\n\t\t\t<div class=\"elementor-spacer-inner\"><\/div>\n\t\t<\/div>\n\t\t\t\t<\/div>\n\t\t\t\t<\/div>\n\t\t\t\t<section class=\"elementor-section elementor-inner-section elementor-element elementor-element-a11445c elementor-section-boxed elementor-section-height-default elementor-section-height-default\" data-id=\"a11445c\" data-element_type=\"section\">\n\t\t\t\t\t\t<div class=\"elementor-container elementor-column-gap-default\">\n\t\t\t\t\t\t\t<div class=\"elementor-row\">\n\t\t\t\t\t<div class=\"elementor-column elementor-col-50 elementor-inner-column elementor-element elementor-element-ef46f5e\" data-id=\"ef46f5e\" data-element_type=\"column\">\n\t\t\t<div class=\"elementor-column-wrap elementor-element-populated\">\n\t\t\t\t\t\t\t<div class=\"elementor-widget-wrap\">\n\t\t\t\t\t\t<div class=\"elementor-element elementor-element-50585491 elementor-widget elementor-widget-heading\" data-id=\"50585491\" data-element_type=\"widget\" data-widget_type=\"heading.default\">\n\t\t\t\t<div class=\"elementor-widget-container\">\n\t\t\t<h3 class=\"elementor-heading-title elementor-size-default elementor-heading-title elementor-size-default\">Proizvodi<\/h3>\t\t<\/div>\n\t\t\t\t<\/div>\n\t\t\t\t\t\t<\/div>\n\t\t\t\t\t<\/div>\n\t\t<\/div>\n\t\t\t\t<div class=\"elementor-column elementor-col-50 elementor-inner-column elementor-element elementor-element-644c086f\" data-id=\"644c086f\" data-element_type=\"column\">\n\t\t\t<div class=\"elementor-column-wrap elementor-element-populated\">\n\t\t\t\t\t\t\t<div class=\"elementor-widget-wrap\">\n\t\t\t\t\t\t<div class=\"elementor-element elementor-element-347c10b0 elementor-widget-divider--view-line elementor-widget elementor-widget-divider\" data-id=\"347c10b0\" data-element_type=\"widget\" data-widget_type=\"divider.default\">\n\t\t\t\t<div class=\"elementor-widget-container\">\n\t\t\t\t\t<div class=\"elementor-divider\">\n\t\t\t<span class=\"elementor-divider-separator\">\n\t\t\t\t\t\t<\/span>\n\t\t<\/div>\n\t\t\t\t<\/div>\n\t\t\t\t<\/div>\n\t\t\t\t\t\t<\/div>\n\t\t\t\t\t<\/div>\n\t\t<\/div>\n\t\t\t\t\t\t\t\t<\/div>\n\t\t\t\t\t<\/div>\n\t\t<\/section>\n\t\t\t\t<div class=\"elementor-element elementor-element-123cf56 elementor-widget elementor-widget-spacer\" data-id=\"123cf56\" data-element_type=\"widget\" data-widget_type=\"spacer.default\">\n\t\t\t\t<div class=\"elementor-widget-container\">\n\t\t\t\t\t<div class=\"elementor-spacer\">\n\t\t\t<div class=\"elementor-spacer-inner\"><\/div>\n\t\t<\/div>\n\t\t\t\t<\/div>\n\t\t\t\t<\/div>\n\t\t\t\t<section class=\"elementor-section elementor-inner-section elementor-element elementor-element-ac7b1e7 elementor-section-boxed elementor-section-height-default elementor-section-height-default\" data-id=\"ac7b1e7\" data-element_type=\"section\">\n\t\t\t\t\t\t<div class=\"elementor-container elementor-column-gap-default\">\n\t\t\t\t\t\t\t<div class=\"elementor-row\">\n\t\t\t\t\t<div class=\"elementor-column elementor-col-50 elementor-inner-column elementor-element elementor-element-a03dc62\" data-id=\"a03dc62\" data-element_type=\"column\">\n\t\t\t<div class=\"elementor-column-wrap elementor-element-populated\">\n\t\t\t\t\t\t\t<div class=\"elementor-widget-wrap\">\n\t\t\t\t\t\t<div class=\"elementor-element elementor-element-6c4ab065 elementor-widget__width-initial sirina elementor-invisible elementor-widget elementor-widget-image\" data-id=\"6c4ab065\" data-element_type=\"widget\" data-settings=\"{&quot;_animation&quot;:&quot;fadeIn&quot;,&quot;_animation_delay&quot;:200}\" data-widget_type=\"image.default\">\n\t\t\t\t<div class=\"elementor-widget-container\">\n\t\t\t\t\t\t\t\t<div class=\"elementor-image\">\n\t\t\t\t\t\t\t\t\t<figure class=\"wp-caption\">\n\t\t\t\t\t\t\t\t\t\t\t<a href=\"http:\/\/dmbtape.com\/sr\/trockenbau\/\" target=\"_blank\">\n\t\t\t\t\t\t\t<img width=\"1707\" height=\"2560\" src=\"https:\/\/dmbtape.com\/wp-content\/uploads\/2020\/12\/IMG_9201-scaled.jpg\" class=\"attachment-full size-full\" alt=\"\" loading=\"lazy\" srcset=\"https:\/\/dmbtape.com\/wp-content\/uploads\/2020\/12\/IMG_9201-scaled.jpg 1707w, https:\/\/dmbtape.com\/wp-content\/uploads\/2020\/12\/IMG_9201-200x300.jpg 200w, https:\/\/dmbtape.com\/wp-content\/uploads\/2020\/12\/IMG_9201-683x1024.jpg 683w, https:\/\/dmbtape.com\/wp-content\/uploads\/2020\/12\/IMG_9201-768x1152.jpg 768w, https:\/\/dmbtape.com\/wp-content\/uploads\/2020\/12\/IMG_9201-1024x1536.jpg 1024w, https:\/\/dmbtape.com\/wp-content\/uploads\/2020\/12\/IMG_9201-1365x2048.jpg 1365w, https:\/\/dmbtape.com\/wp-content\/uploads\/2020\/12\/IMG_9201-285x428.jpg 285w, https:\/\/dmbtape.com\/wp-content\/uploads\/2020\/12\/IMG_9201-1600x2400.jpg 1600w, https:\/\/dmbtape.com\/wp-content\/uploads\/2020\/12\/IMG_9201-440x660.jpg 440w, https:\/\/dmbtape.com\/wp-content\/uploads\/2020\/12\/IMG_9201-100x150.jpg 100w\" sizes=\"(max-width: 1707px) 100vw, 1707px\" \/>\t\t\t\t\t\t\t\t<\/a>\n\t\t\t\t\t\t\t\t\t\t\t<figcaption class=\"widget-image-caption wp-caption-text\"><\/figcaption>\n\t\t\t\t\t\t\t\t\t\t<\/figure>\n\t\t\t\t\t\t\t\t<\/div>\n\t\t\t\t\t\t<\/div>\n\t\t\t\t<\/div>\n\t\t\t\t<div class=\"elementor-element elementor-element-aa65053 elementor-mobile-align-center elementor-hidden-desktop elementor-hidden-tablet elementor-widget elementor-widget-button\" data-id=\"aa65053\" data-element_type=\"widget\" data-widget_type=\"button.default\">\n\t\t\t\t<div class=\"elementor-widget-container\">\n\t\t\t\t\t<div class=\"elementor-button-wrapper\">\n\t\t\t<a href=\"http:\/\/dmbtape.com\/sr\/trockenbau\/\" class=\"elementor-button-link elementor-button elementor-size-sm\" role=\"button\">\n\t\t\t\t\t\t<span class=\"elementor-button-content-wrapper\">\n\t\t\t\t\t\t<span class=\"elementor-button-text\">Suva gradnja<\/span>\n\t\t<\/span>\n\t\t\t\t\t<\/a>\n\t\t<\/div>\n\t\t\t\t<\/div>\n\t\t\t\t<\/div>\n\t\t\t\t\t\t<\/div>\n\t\t\t\t\t<\/div>\n\t\t<\/div>\n\t\t\t\t<div class=\"elementor-column elementor-col-50 elementor-inner-column elementor-element elementor-element-1496c63\" data-id=\"1496c63\" data-element_type=\"column\">\n\t\t\t<div class=\"elementor-column-wrap elementor-element-populated\">\n\t\t\t\t\t\t\t<div class=\"elementor-widget-wrap\">\n\t\t\t\t\t\t<div class=\"elementor-element elementor-element-16af49bb elementor-widget__width-initial elementor-invisible elementor-widget elementor-widget-image\" data-id=\"16af49bb\" data-element_type=\"widget\" data-settings=\"{&quot;_animation&quot;:&quot;fadeIn&quot;,&quot;_animation_delay&quot;:500}\" data-widget_type=\"image.default\">\n\t\t\t\t<div class=\"elementor-widget-container\">\n\t\t\t\t\t\t\t\t<div class=\"elementor-image\">\n\t\t\t\t\t\t\t\t\t\t\t\t\t<a href=\"http:\/\/dmbtape.com\/sr\/dammprodukte\/\" target=\"_blank\">\n\t\t\t\t\t\t\t<img width=\"768\" height=\"512\" src=\"https:\/\/dmbtape.com\/wp-content\/uploads\/2020\/12\/0014-768x512.jpg\" class=\"attachment-medium_large size-medium_large\" alt=\"\" loading=\"lazy\" srcset=\"https:\/\/dmbtape.com\/wp-content\/uploads\/2020\/12\/0014-768x512.jpg 768w, https:\/\/dmbtape.com\/wp-content\/uploads\/2020\/12\/0014-300x200.jpg 300w, https:\/\/dmbtape.com\/wp-content\/uploads\/2020\/12\/0014-1024x683.jpg 1024w, https:\/\/dmbtape.com\/wp-content\/uploads\/2020\/12\/0014-1536x1024.jpg 1536w, https:\/\/dmbtape.com\/wp-content\/uploads\/2020\/12\/0014-2048x1365.jpg 2048w, https:\/\/dmbtape.com\/wp-content\/uploads\/2020\/12\/0014-285x190.jpg 285w, https:\/\/dmbtape.com\/wp-content\/uploads\/2020\/12\/0014-1600x1067.jpg 1600w, https:\/\/dmbtape.com\/wp-content\/uploads\/2020\/12\/0014-660x440.jpg 660w, https:\/\/dmbtape.com\/wp-content\/uploads\/2020\/12\/0014-150x100.jpg 150w\" sizes=\"(max-width: 768px) 100vw, 768px\" \/>\t\t\t\t\t\t\t\t<\/a>\n\t\t\t\t\t\t\t\t\t\t\t\t\t\t<\/div>\n\t\t\t\t\t\t<\/div>\n\t\t\t\t<\/div>\n\t\t\t\t<div class=\"elementor-element elementor-element-fca9a22 elementor-mobile-align-center elementor-hidden-desktop elementor-hidden-tablet elementor-widget elementor-widget-button\" data-id=\"fca9a22\" data-element_type=\"widget\" data-widget_type=\"button.default\">\n\t\t\t\t<div class=\"elementor-widget-container\">\n\t\t\t\t\t<div class=\"elementor-button-wrapper\">\n\t\t\t<a href=\"http:\/\/dmbtape.com\/sr\/dammprodukte\/\" class=\"elementor-button-link elementor-button elementor-size-sm\" role=\"button\">\n\t\t\t\t\t\t<span class=\"elementor-button-content-wrapper\">\n\t\t\t\t\t\t<span class=\"elementor-button-text\">Proizvodi za izolaciju<\/span>\n\t\t<\/span>\n\t\t\t\t\t<\/a>\n\t\t<\/div>\n\t\t\t\t<\/div>\n\t\t\t\t<\/div>\n\t\t\t\t\t\t<\/div>\n\t\t\t\t\t<\/div>\n\t\t<\/div>\n\t\t\t\t\t\t\t\t<\/div>\n\t\t\t\t\t<\/div>\n\t\t<\/section>\n\t\t\t\t<section class=\"elementor-section elementor-inner-section elementor-element elementor-element-d63bafa elementor-section-boxed elementor-section-height-default elementor-section-height-default\" data-id=\"d63bafa\" data-element_type=\"section\">\n\t\t\t\t\t\t<div class=\"elementor-container elementor-column-gap-default\">\n\t\t\t\t\t\t\t<div class=\"elementor-row\">\n\t\t\t\t\t<div class=\"elementor-column elementor-col-50 elementor-inner-column elementor-element elementor-element-24c7540\" data-id=\"24c7540\" data-element_type=\"column\">\n\t\t\t<div class=\"elementor-column-wrap elementor-element-populated\">\n\t\t\t\t\t\t\t<div class=\"elementor-widget-wrap\">\n\t\t\t\t\t\t<div class=\"elementor-element elementor-element-66117af4 elementor-widget__width-initial elementor-invisible elementor-widget elementor-widget-image\" data-id=\"66117af4\" data-element_type=\"widget\" data-settings=\"{&quot;_animation&quot;:&quot;fadeIn&quot;,&quot;_animation_delay&quot;:800}\" data-widget_type=\"image.default\">\n\t\t\t\t<div class=\"elementor-widget-container\">\n\t\t\t\t\t\t\t\t<div class=\"elementor-image\">\n\t\t\t\t\t\t\t\t\t<figure class=\"wp-caption\">\n\t\t\t\t\t\t\t\t\t\t\t<a href=\"http:\/\/dmbtape.com\/sr\/dichtungsprodukte\/\" target=\"_blank\">\n\t\t\t\t\t\t\t<img width=\"768\" height=\"512\" src=\"https:\/\/dmbtape.com\/wp-content\/uploads\/2020\/12\/IMG_9181-768x512.jpg\" class=\"attachment-medium_large size-medium_large\" alt=\"\" loading=\"lazy\" srcset=\"https:\/\/dmbtape.com\/wp-content\/uploads\/2020\/12\/IMG_9181-768x512.jpg 768w, https:\/\/dmbtape.com\/wp-content\/uploads\/2020\/12\/IMG_9181-300x200.jpg 300w, https:\/\/dmbtape.com\/wp-content\/uploads\/2020\/12\/IMG_9181-1024x683.jpg 1024w, https:\/\/dmbtape.com\/wp-content\/uploads\/2020\/12\/IMG_9181-1536x1024.jpg 1536w, https:\/\/dmbtape.com\/wp-content\/uploads\/2020\/12\/IMG_9181-2048x1365.jpg 2048w, https:\/\/dmbtape.com\/wp-content\/uploads\/2020\/12\/IMG_9181-285x190.jpg 285w, https:\/\/dmbtape.com\/wp-content\/uploads\/2020\/12\/IMG_9181-1600x1067.jpg 1600w, https:\/\/dmbtape.com\/wp-content\/uploads\/2020\/12\/IMG_9181-660x440.jpg 660w, https:\/\/dmbtape.com\/wp-content\/uploads\/2020\/12\/IMG_9181-150x100.jpg 150w\" sizes=\"(max-width: 768px) 100vw, 768px\" \/>\t\t\t\t\t\t\t\t<\/a>\n\t\t\t\t\t\t\t\t\t\t\t<figcaption class=\"widget-image-caption wp-caption-text\"><\/figcaption>\n\t\t\t\t\t\t\t\t\t\t<\/figure>\n\t\t\t\t\t\t\t\t<\/div>\n\t\t\t\t\t\t<\/div>\n\t\t\t\t<\/div>\n\t\t\t\t\t\t<\/div>\n\t\t\t\t\t<\/div>\n\t\t<\/div>\n\t\t\t\t<div class=\"elementor-column elementor-col-50 elementor-inner-column elementor-element elementor-element-c148326\" data-id=\"c148326\" data-element_type=\"column\">\n\t\t\t<div class=\"elementor-column-wrap elementor-element-populated\">\n\t\t\t\t\t\t\t<div class=\"elementor-widget-wrap\">\n\t\t\t\t\t\t<div class=\"elementor-element elementor-element-423a01d elementor-mobile-align-center elementor-hidden-desktop elementor-hidden-tablet elementor-widget elementor-widget-button\" data-id=\"423a01d\" data-element_type=\"widget\" data-widget_type=\"button.default\">\n\t\t\t\t<div class=\"elementor-widget-container\">\n\t\t\t\t\t<div class=\"elementor-button-wrapper\">\n\t\t\t<a href=\"http:\/\/dmbtape.com\/sr\/dichtungsprodukte\/\" class=\"elementor-button-link elementor-button elementor-size-sm\" role=\"button\">\n\t\t\t\t\t\t<span class=\"elementor-button-content-wrapper\">\n\t\t\t\t\t\t<span class=\"elementor-button-text\">Proizvodi za zaptivanje<\/span>\n\t\t<\/span>\n\t\t\t\t\t<\/a>\n\t\t<\/div>\n\t\t\t\t<\/div>\n\t\t\t\t<\/div>\n\t\t\t\t<div class=\"elementor-element elementor-element-64827079 elementor-widget__width-initial elementor-invisible elementor-widget elementor-widget-image\" data-id=\"64827079\" data-element_type=\"widget\" data-settings=\"{&quot;_animation&quot;:&quot;fadeIn&quot;,&quot;_animation_delay&quot;:1000}\" data-widget_type=\"image.default\">\n\t\t\t\t<div class=\"elementor-widget-container\">\n\t\t\t\t\t\t\t\t<div class=\"elementor-image\">\n\t\t\t\t\t\t\t\t\t\t\t\t\t<a href=\"http:\/\/dmbtape.com\/sr\/stanzteile\/\" target=\"_blank\">\n\t\t\t\t\t\t\t<img width=\"768\" height=\"512\" src=\"https:\/\/dmbtape.com\/wp-content\/uploads\/2020\/12\/0025-768x512.jpg\" class=\"attachment-medium_large size-medium_large\" alt=\"\" loading=\"lazy\" srcset=\"https:\/\/dmbtape.com\/wp-content\/uploads\/2020\/12\/0025-768x512.jpg 768w, https:\/\/dmbtape.com\/wp-content\/uploads\/2020\/12\/0025-300x200.jpg 300w, https:\/\/dmbtape.com\/wp-content\/uploads\/2020\/12\/0025-1024x683.jpg 1024w, https:\/\/dmbtape.com\/wp-content\/uploads\/2020\/12\/0025-1536x1024.jpg 1536w, https:\/\/dmbtape.com\/wp-content\/uploads\/2020\/12\/0025-2048x1365.jpg 2048w, https:\/\/dmbtape.com\/wp-content\/uploads\/2020\/12\/0025-285x190.jpg 285w, https:\/\/dmbtape.com\/wp-content\/uploads\/2020\/12\/0025-1600x1067.jpg 1600w, https:\/\/dmbtape.com\/wp-content\/uploads\/2020\/12\/0025-660x440.jpg 660w, https:\/\/dmbtape.com\/wp-content\/uploads\/2020\/12\/0025-150x100.jpg 150w\" sizes=\"(max-width: 768px) 100vw, 768px\" \/>\t\t\t\t\t\t\t\t<\/a>\n\t\t\t\t\t\t\t\t\t\t\t\t\t\t<\/div>\n\t\t\t\t\t\t<\/div>\n\t\t\t\t<\/div>\n\t\t\t\t\t\t<\/div>\n\t\t\t\t\t<\/div>\n\t\t<\/div>\n\t\t\t\t\t\t\t\t<\/div>\n\t\t\t\t\t<\/div>\n\t\t<\/section>\n\t\t\t\t<div class=\"elementor-element elementor-element-ec76ce2 elementor-mobile-align-center elementor-hidden-desktop elementor-hidden-tablet elementor-widget elementor-widget-button\" data-id=\"ec76ce2\" data-element_type=\"widget\" data-widget_type=\"button.default\">\n\t\t\t\t<div class=\"elementor-widget-container\">\n\t\t\t\t\t<div class=\"elementor-button-wrapper\">\n\t\t\t<a href=\"http:\/\/dmbtape.com\/sr\/stanzteile\/\" class=\"elementor-button-link elementor-button elementor-size-sm\" role=\"button\">\n\t\t\t\t\t\t<span class=\"elementor-button-content-wrapper\">\n\t\t\t\t\t\t<span class=\"elementor-button-text\">\u0160tancovani delovi<\/span>\n\t\t<\/span>\n\t\t\t\t\t<\/a>\n\t\t<\/div>\n\t\t\t\t<\/div>\n\t\t\t\t<\/div>\n\t\t\t\t\t\t<\/div>\n\t\t\t\t\t<\/div>\n\t\t<\/div>\n\t\t\t\t\t\t\t\t<\/div>\n\t\t\t\t\t<\/div>\n\t\t<\/section>\n\t\t\t\t<section class=\"elementor-section elementor-inner-section elementor-element elementor-element-11e88469 elementor-section-boxed elementor-section-height-default elementor-section-height-default\" data-id=\"11e88469\" data-element_type=\"section\">\n\t\t\t\t\t\t<div class=\"elementor-container elementor-column-gap-default\">\n\t\t\t\t\t\t\t<div class=\"elementor-row\">\n\t\t\t\t\t<div class=\"elementor-column elementor-col-50 elementor-inner-column elementor-element elementor-element-2140d293\" data-id=\"2140d293\" data-element_type=\"column\">\n\t\t\t<div class=\"elementor-column-wrap elementor-element-populated\">\n\t\t\t\t\t\t\t<div class=\"elementor-widget-wrap\">\n\t\t\t\t\t\t<div class=\"elementor-element elementor-element-38bf6052 elementor-widget__width-auto elementor-absolute elementor-hidden-phone elementor-hidden-tablet elementor-widget elementor-widget-heading\" data-id=\"38bf6052\" data-element_type=\"widget\" data-settings=\"{&quot;_position&quot;:&quot;absolute&quot;}\" data-widget_type=\"heading.default\">\n\t\t\t\t<div class=\"elementor-widget-container\">\n\t\t\t<h3 class=\"elementor-heading-title elementor-size-default elementor-heading-title elementor-size-default\">Suva gradnja <\/h3>\t\t<\/div>\n\t\t\t\t<\/div>\n\t\t\t\t<div class=\"elementor-element elementor-element-c626303 elementor-widget__width-auto elementor-absolute elementor-hidden-phone elementor-hidden-tablet elementor-widget elementor-widget-heading\" data-id=\"c626303\" data-element_type=\"widget\" data-settings=\"{&quot;_position&quot;:&quot;absolute&quot;}\" data-widget_type=\"heading.default\">\n\t\t\t\t<div class=\"elementor-widget-container\">\n\t\t\t<h3 class=\"elementor-heading-title elementor-size-default elementor-heading-title elementor-size-default\">Proizvodi za zaptivanje<\/h3>\t\t<\/div>\n\t\t\t\t<\/div>\n\t\t\t\t<div class=\"elementor-element elementor-element-578c45d elementor-widget__width-inherit elementor-absolute elementor-hidden-phone elementor-hidden-tablet elementor-widget elementor-widget-heading\" data-id=\"578c45d\" data-element_type=\"widget\" data-settings=\"{&quot;_position&quot;:&quot;absolute&quot;}\" data-widget_type=\"heading.default\">\n\t\t\t\t<div class=\"elementor-widget-container\">\n\t\t\t<h3 class=\"elementor-heading-title elementor-size-default elementor-heading-title elementor-size-default\">\u0160tancovani delovi <\/h3>\t\t<\/div>\n\t\t\t\t<\/div>\n\t\t\t\t<div class=\"elementor-element elementor-element-68313f3c elementor-widget__width-auto elementor-absolute elementor-hidden-phone elementor-hidden-tablet elementor-widget elementor-widget-button\" data-id=\"68313f3c\" data-element_type=\"widget\" data-settings=\"{&quot;_position&quot;:&quot;absolute&quot;}\" data-widget_type=\"button.default\">\n\t\t\t\t<div class=\"elementor-widget-container\">\n\t\t\t\t\t<div class=\"elementor-button-wrapper\">\n\t\t\t<a href=\"https:\/\/dmbtape.com\/sr\/dry-construction\/\" class=\"elementor-button-link elementor-button elementor-size-sm\" role=\"button\">\n\t\t\t\t\t\t<span class=\"elementor-button-content-wrapper\">\n\t\t\t\t\t\t<span class=\"elementor-button-text\">Vi\u0161e<\/span>\n\t\t<\/span>\n\t\t\t\t\t<\/a>\n\t\t<\/div>\n\t\t\t\t<\/div>\n\t\t\t\t<\/div>\n\t\t\t\t<div class=\"elementor-element elementor-element-f117b00 elementor-widget__width-auto elementor-absolute elementor-hidden-phone elementor-hidden-tablet elementor-widget elementor-widget-button\" data-id=\"f117b00\" data-element_type=\"widget\" data-settings=\"{&quot;_position&quot;:&quot;absolute&quot;}\" data-widget_type=\"button.default\">\n\t\t\t\t<div class=\"elementor-widget-container\">\n\t\t\t\t\t<div class=\"elementor-button-wrapper\">\n\t\t\t<a href=\"https:\/\/dmbtape.com\/sr\/sealing-products\/\" class=\"elementor-button-link elementor-button elementor-size-sm\" role=\"button\">\n\t\t\t\t\t\t<span class=\"elementor-button-content-wrapper\">\n\t\t\t\t\t\t<span class=\"elementor-button-text\">Vi\u0161e<\/span>\n\t\t<\/span>\n\t\t\t\t\t<\/a>\n\t\t<\/div>\n\t\t\t\t<\/div>\n\t\t\t\t<\/div>\n\t\t\t\t<div class=\"elementor-element elementor-element-70c5869 elementor-absolute elementor-hidden-phone elementor-widget elementor-widget-button\" data-id=\"70c5869\" data-element_type=\"widget\" data-settings=\"{&quot;_position&quot;:&quot;absolute&quot;}\" data-widget_type=\"button.default\">\n\t\t\t\t<div class=\"elementor-widget-container\">\n\t\t\t\t\t<div class=\"elementor-button-wrapper\">\n\t\t\t<a href=\"https:\/\/dmbtape.com\/sr\/die-cut-parts\/\" class=\"elementor-button-link elementor-button elementor-size-sm\" role=\"button\">\n\t\t\t\t\t\t<span class=\"elementor-button-content-wrapper\">\n\t\t\t\t\t\t<span class=\"elementor-button-text\">Vi\u0161e<\/span>\n\t\t<\/span>\n\t\t\t\t\t<\/a>\n\t\t<\/div>\n\t\t\t\t<\/div>\n\t\t\t\t<\/div>\n\t\t\t\t<div class=\"elementor-element elementor-element-50dd33c6 elementor-widget__width-inherit elementor-absolute elementor-hidden-phone elementor-hidden-tablet elementor-widget elementor-widget-button\" data-id=\"50dd33c6\" data-element_type=\"widget\" data-settings=\"{&quot;_position&quot;:&quot;absolute&quot;}\" data-widget_type=\"button.default\">\n\t\t\t\t<div class=\"elementor-widget-container\">\n\t\t\t\t\t<div class=\"elementor-button-wrapper\">\n\t\t\t<a href=\"https:\/\/dmbtape.com\/sr\/insulation-products\/\" class=\"elementor-button-link elementor-button elementor-size-sm\" role=\"button\">\n\t\t\t\t\t\t<span class=\"elementor-button-content-wrapper\">\n\t\t\t\t\t\t<span class=\"elementor-button-text\">Vi\u0161e <\/span>\n\t\t<\/span>\n\t\t\t\t\t<\/a>\n\t\t<\/div>\n\t\t\t\t<\/div>\n\t\t\t\t<\/div>\n\t\t\t\t\t\t<\/div>\n\t\t\t\t\t<\/div>\n\t\t<\/div>\n\t\t\t\t<div class=\"elementor-column elementor-col-50 elementor-inner-column elementor-element elementor-element-283cb378\" data-id=\"283cb378\" data-element_type=\"column\">\n\t\t\t<div class=\"elementor-column-wrap elementor-element-populated\">\n\t\t\t\t\t\t\t<div class=\"elementor-widget-wrap\">\n\t\t\t\t\t\t<div class=\"elementor-element elementor-element-46dfc43f elementor-widget__width-auto elementor-absolute elementor-hidden-phone elementor-widget elementor-widget-heading\" data-id=\"46dfc43f\" data-element_type=\"widget\" data-settings=\"{&quot;_position&quot;:&quot;absolute&quot;}\" data-widget_type=\"heading.default\">\n\t\t\t\t<div class=\"elementor-widget-container\">\n\t\t\t<h3 class=\"elementor-heading-title elementor-size-default elementor-heading-title elementor-size-default\">Proizvodi za izolaciju <\/h3>\t\t<\/div>\n\t\t\t\t<\/div>\n\t\t\t\t\t\t<\/div>\n\t\t\t\t\t<\/div>\n\t\t<\/div>\n\t\t\t\t\t\t\t\t<\/div>\n\t\t\t\t\t<\/div>\n\t\t<\/section>\n\t\t\t\t<section class=\"elementor-section elementor-inner-section elementor-element elementor-element-2d302ab6 elementor-section-full_width elementor-section-height-default elementor-section-height-default\" data-id=\"2d302ab6\" data-element_type=\"section\">\n\t\t\t\t\t\t<div class=\"elementor-container elementor-column-gap-no\">\n\t\t\t\t\t\t\t<div class=\"elementor-row\">\n\t\t\t\t\t\t\t\t\t<\/div>\n\t\t\t\t\t<\/div>\n\t\t<\/section>\n\t\t\t\t\t\t\t\t\t<\/div>\n\t\t\t<\/div>\n\t\t\t\t\t<\/div>","protected":false},"excerpt":{"rendered":"<p>We manufacture a variety of top quality products for dry consturction, insulation and sealing. We also offer all&#8230;<\/p>","protected":false},"author":1,"featured_media":0,"parent":0,"menu_order":0,"comment_status":"closed","ping_status":"closed","template":"","meta":[],"_links":{"self":[{"href":"https:\/\/dmbtape.com\/sr\/wp-json\/wp\/v2\/pages\/9"}],"collection":[{"href":"https:\/\/dmbtape.com\/sr\/wp-json\/wp\/v2\/pages"}],"about":[{"href":"https:\/\/dmbtape.com\/sr\/wp-json\/wp\/v2\/types\/page"}],"author":[{"embeddable":true,"href":"https:\/\/dmbtape.com\/sr\/wp-json\/wp\/v2\/users\/1"}],"replies":[{"embeddable":true,"href":"https:\/\/dmbtape.com\/sr\/wp-json\/wp\/v2\/comments?post=9"}],"version-history":[{"count":6,"href":"https:\/\/dmbtape.com\/sr\/wp-json\/wp\/v2\/pages\/9\/revisions"}],"predecessor-version":[{"id":4967,"href":"https:\/\/dmbtape.com\/sr\/wp-json\/wp\/v2\/pages\/9\/revisions\/4967"}],"wp:attachment":[{"href":"https:\/\/dmbtape.com\/sr\/wp-json\/wp\/v2\/media?parent=9"}],"curies":[{"name":"wp","href":"https:\/\/api.w.org\/{rel}","templated":true}]}}