{"id":3105,"date":"2020-12-19T12:50:06","date_gmt":"2020-12-19T11:50:06","guid":{"rendered":"http:\/\/dmbtape.com\/?page_id=3105"},"modified":"2021-03-21T11:43:11","modified_gmt":"2021-03-21T10:43:11","slug":"insulation-products","status":"publish","type":"page","link":"https:\/\/dmbtape.com\/sr\/insulation-products\/","title":{"rendered":"Proizvodi za izolaciju"},"content":{"rendered":"<div data-elementor-type=\"wp-page\" data-elementor-id=\"3105\" class=\"elementor elementor-3105\">\n\t\t\t\t\t\t<div class=\"elementor-inner\">\n\t\t\t\t<div class=\"elementor-section-wrap\">\n\t\t\t\t\t\t\t\t\t<section class=\"elementor-section elementor-top-section elementor-element elementor-element-32ea3466 elementor-section-stretched elementor-section-boxed elementor-section-height-default elementor-section-height-default\" data-id=\"32ea3466\" data-element_type=\"section\" data-settings=\"{&quot;stretch_section&quot;:&quot;section-stretched&quot;}\">\n\t\t\t\t\t\t<div class=\"elementor-container elementor-column-gap-default\">\n\t\t\t\t\t\t\t<div class=\"elementor-row\">\n\t\t\t\t\t<div class=\"elementor-column elementor-col-100 elementor-top-column elementor-element elementor-element-3a3daff6\" data-id=\"3a3daff6\" data-element_type=\"column\">\n\t\t\t<div class=\"elementor-column-wrap elementor-element-populated\">\n\t\t\t\t\t\t\t<div class=\"elementor-widget-wrap\">\n\t\t\t\t\t\t<div class=\"elementor-element elementor-element-03ff32b elementor-widget elementor-widget-spacer\" data-id=\"03ff32b\" data-element_type=\"widget\" data-widget_type=\"spacer.default\">\n\t\t\t\t<div class=\"elementor-widget-container\">\n\t\t\t\t\t<div class=\"elementor-spacer\">\n\t\t\t<div class=\"elementor-spacer-inner\"><\/div>\n\t\t<\/div>\n\t\t\t\t<\/div>\n\t\t\t\t<\/div>\n\t\t\t\t<div class=\"elementor-element elementor-element-4566a68 elementor-widget elementor-widget-spacer\" data-id=\"4566a68\" data-element_type=\"widget\" data-widget_type=\"spacer.default\">\n\t\t\t\t<div class=\"elementor-widget-container\">\n\t\t\t\t\t<div class=\"elementor-spacer\">\n\t\t\t<div class=\"elementor-spacer-inner\"><\/div>\n\t\t<\/div>\n\t\t\t\t<\/div>\n\t\t\t\t<\/div>\n\t\t\t\t<div class=\"elementor-element elementor-element-3dc79075 elementor-widget__width-initial elementor-widget elementor-widget-text-editor\" data-id=\"3dc79075\" data-element_type=\"widget\" data-widget_type=\"text-editor.default\">\n\t\t\t\t<div class=\"elementor-widget-container\">\n\t\t\t\t\t\t\t\t<div class=\"elementor-text-editor elementor-clearfix\">\n\t\t\t\t<p><span style=\"color: #5c5c5c;\"><!-- wp:paragraph {\"align\":\"center\"} --><\/span><\/p>\n<p>Radimo samo sa visokokvalitetnim butilom tako da je izolacija zagarantovana. Sve vi\u0161e se oslanjamo na ru\u010dni rad kod manjih povr\u0161ina, tako da i najmanja povr\u0161ina mo\u017ee biti uredno pokrivena i na taj na\u010din za\u0161tic\u0301ena.<\/p>\n<p><span style=\"color: #5c5c5c;\"><!-- \/wp:paragraph --><\/span><\/p>\t\t\t\t\t<\/div>\n\t\t\t\t\t\t<\/div>\n\t\t\t\t<\/div>\n\t\t\t\t\t\t<\/div>\n\t\t\t\t\t<\/div>\n\t\t<\/div>\n\t\t\t\t\t\t\t\t<\/div>\n\t\t\t\t\t<\/div>\n\t\t<\/section>\n\t\t\t\t\t\t\t\t\t<\/div>\n\t\t\t<\/div>\n\t\t\t\t\t<\/div>","protected":false},"excerpt":{"rendered":"<p>We work only with high quality butyl, so insulation is guaranteed. We are increasingly relying on handicrafts for&#8230;<\/p>","protected":false},"author":1,"featured_media":0,"parent":0,"menu_order":0,"comment_status":"closed","ping_status":"closed","template":"","meta":[],"_links":{"self":[{"href":"https:\/\/dmbtape.com\/sr\/wp-json\/wp\/v2\/pages\/3105"}],"collection":[{"href":"https:\/\/dmbtape.com\/sr\/wp-json\/wp\/v2\/pages"}],"about":[{"href":"https:\/\/dmbtape.com\/sr\/wp-json\/wp\/v2\/types\/page"}],"author":[{"embeddable":true,"href":"https:\/\/dmbtape.com\/sr\/wp-json\/wp\/v2\/users\/1"}],"replies":[{"embeddable":true,"href":"https:\/\/dmbtape.com\/sr\/wp-json\/wp\/v2\/comments?post=3105"}],"version-history":[{"count":0,"href":"https:\/\/dmbtape.com\/sr\/wp-json\/wp\/v2\/pages\/3105\/revisions"}],"wp:attachment":[{"href":"https:\/\/dmbtape.com\/sr\/wp-json\/wp\/v2\/media?parent=3105"}],"curies":[{"name":"wp","href":"https:\/\/api.w.org\/{rel}","templated":true}]}}