{"id":3102,"date":"2020-12-19T12:49:25","date_gmt":"2020-12-19T11:49:25","guid":{"rendered":"http:\/\/dmbtape.com\/?page_id=3102"},"modified":"2021-03-21T11:46:19","modified_gmt":"2021-03-21T10:46:19","slug":"dry-construction","status":"publish","type":"page","link":"https:\/\/dmbtape.com\/sr\/dry-construction\/","title":{"rendered":"Suva gradnja"},"content":{"rendered":"<div data-elementor-type=\"wp-page\" data-elementor-id=\"3102\" class=\"elementor elementor-3102\">\n\t\t\t\t\t\t<div class=\"elementor-inner\">\n\t\t\t\t<div class=\"elementor-section-wrap\">\n\t\t\t\t\t\t\t\t\t<section class=\"elementor-section elementor-top-section elementor-element elementor-element-1e373137 elementor-section-stretched elementor-section-boxed elementor-section-height-default elementor-section-height-default\" data-id=\"1e373137\" data-element_type=\"section\" data-settings=\"{&quot;stretch_section&quot;:&quot;section-stretched&quot;}\">\n\t\t\t\t\t\t<div class=\"elementor-container elementor-column-gap-default\">\n\t\t\t\t\t\t\t<div class=\"elementor-row\">\n\t\t\t\t\t<div class=\"elementor-column elementor-col-100 elementor-top-column elementor-element elementor-element-3a6202d7\" data-id=\"3a6202d7\" data-element_type=\"column\">\n\t\t\t<div class=\"elementor-column-wrap elementor-element-populated\">\n\t\t\t\t\t\t\t<div class=\"elementor-widget-wrap\">\n\t\t\t\t\t\t<div class=\"elementor-element elementor-element-1f7bf1e elementor-widget elementor-widget-spacer\" data-id=\"1f7bf1e\" data-element_type=\"widget\" data-widget_type=\"spacer.default\">\n\t\t\t\t<div class=\"elementor-widget-container\">\n\t\t\t\t\t<div class=\"elementor-spacer\">\n\t\t\t<div class=\"elementor-spacer-inner\"><\/div>\n\t\t<\/div>\n\t\t\t\t<\/div>\n\t\t\t\t<\/div>\n\t\t\t\t<div class=\"elementor-element elementor-element-32d1058b elementor-widget__width-initial elementor-widget elementor-widget-text-editor\" data-id=\"32d1058b\" data-element_type=\"widget\" data-widget_type=\"text-editor.default\">\n\t\t\t\t<div class=\"elementor-widget-container\">\n\t\t\t\t\t\t\t\t<div class=\"elementor-text-editor elementor-clearfix\">\n\t\t\t\t<p style=\"text-align: left;\"><span style=\"color: #5c5c5c;\">U oblasti suve gradnje nudimo Vam \u010ditav niz proizvoda, naime filc, Trenn-fix (samolepljiva razdelna traka za spojeve), standardizovane trake za razdvajanje, trake za razdvajanje bez pokrivne folije, posebne trake za razvajanje sa usporiva\u010dem plamena i zaptivne trake za pri\u010dvrsna mesta na krovnim konstrukcijama. Tako\u0111e nudimo bilo koje proizvode po meri u ovoj oblasti.<\/span><\/p>\t\t\t\t\t<\/div>\n\t\t\t\t\t\t<\/div>\n\t\t\t\t<\/div>\n\t\t\t\t\t\t<\/div>\n\t\t\t\t\t<\/div>\n\t\t<\/div>\n\t\t\t\t\t\t\t\t<\/div>\n\t\t\t\t\t<\/div>\n\t\t<\/section>\n\t\t\t\t<section class=\"elementor-section elementor-top-section elementor-element elementor-element-ce2930b elementor-section-height-min-height elementor-section-content-middle elementor-section-stretched elementor-section-boxed elementor-section-height-default elementor-section-items-middle\" data-id=\"ce2930b\" data-element_type=\"section\" data-settings=\"{&quot;stretch_section&quot;:&quot;section-stretched&quot;}\">\n\t\t\t\t\t\t<div class=\"elementor-container elementor-column-gap-wider\">\n\t\t\t\t\t\t\t<div class=\"elementor-row\">\n\t\t\t\t\t<div class=\"elementor-column elementor-col-33 elementor-top-column elementor-element elementor-element-e5f681c\" data-id=\"e5f681c\" data-element_type=\"column\">\n\t\t\t<div class=\"elementor-column-wrap elementor-element-populated\">\n\t\t\t\t\t\t\t<div class=\"elementor-widget-wrap\">\n\t\t\t\t\t\t<div class=\"elementor-element elementor-element-effcc15 elementor-widget elementor-widget-image\" data-id=\"effcc15\" data-element_type=\"widget\" data-widget_type=\"image.default\">\n\t\t\t\t<div class=\"elementor-widget-container\">\n\t\t\t\t\t\t\t\t<div class=\"elementor-image\">\n\t\t\t\t\t\t\t\t\t\t\t\t<img width=\"1600\" height=\"1067\" src=\"https:\/\/dmbtape.com\/wp-content\/uploads\/2020\/12\/0021-1600x1067.jpg\" class=\"attachment-manufacturer_full size-manufacturer_full\" alt=\"\" loading=\"lazy\" srcset=\"https:\/\/dmbtape.com\/wp-content\/uploads\/2020\/12\/0021-1600x1067.jpg 1600w, https:\/\/dmbtape.com\/wp-content\/uploads\/2020\/12\/0021-300x200.jpg 300w, https:\/\/dmbtape.com\/wp-content\/uploads\/2020\/12\/0021-1024x683.jpg 1024w, https:\/\/dmbtape.com\/wp-content\/uploads\/2020\/12\/0021-768x512.jpg 768w, https:\/\/dmbtape.com\/wp-content\/uploads\/2020\/12\/0021-1536x1024.jpg 1536w, https:\/\/dmbtape.com\/wp-content\/uploads\/2020\/12\/0021-2048x1365.jpg 2048w, https:\/\/dmbtape.com\/wp-content\/uploads\/2020\/12\/0021-285x190.jpg 285w, https:\/\/dmbtape.com\/wp-content\/uploads\/2020\/12\/0021-660x440.jpg 660w, https:\/\/dmbtape.com\/wp-content\/uploads\/2020\/12\/0021-150x100.jpg 150w\" sizes=\"(max-width: 1600px) 100vw, 1600px\" \/>\t\t\t\t\t\t\t\t\t\t\t\t\t\t<\/div>\n\t\t\t\t\t\t<\/div>\n\t\t\t\t<\/div>\n\t\t\t\t\t\t<\/div>\n\t\t\t\t\t<\/div>\n\t\t<\/div>\n\t\t\t\t<div class=\"elementor-column elementor-col-33 elementor-top-column elementor-element elementor-element-6b31f9e\" data-id=\"6b31f9e\" data-element_type=\"column\">\n\t\t\t<div class=\"elementor-column-wrap elementor-element-populated\">\n\t\t\t\t\t\t\t<div class=\"elementor-widget-wrap\">\n\t\t\t\t\t\t<div class=\"elementor-element elementor-element-398e387 elementor-widget elementor-widget-image\" data-id=\"398e387\" data-element_type=\"widget\" data-widget_type=\"image.default\">\n\t\t\t\t<div class=\"elementor-widget-container\">\n\t\t\t\t\t\t\t\t<div class=\"elementor-image\">\n\t\t\t\t\t\t\t\t\t\t\t\t<img width=\"800\" height=\"600\" src=\"https:\/\/dmbtape.com\/wp-content\/uploads\/2020\/12\/0009-800x600.jpg\" class=\"attachment-manufacturer_single size-manufacturer_single\" alt=\"\" loading=\"lazy\" \/>\t\t\t\t\t\t\t\t\t\t\t\t\t\t<\/div>\n\t\t\t\t\t\t<\/div>\n\t\t\t\t<\/div>\n\t\t\t\t\t\t<\/div>\n\t\t\t\t\t<\/div>\n\t\t<\/div>\n\t\t\t\t<div class=\"elementor-column elementor-col-33 elementor-top-column elementor-element elementor-element-656b741\" data-id=\"656b741\" data-element_type=\"column\">\n\t\t\t<div class=\"elementor-column-wrap elementor-element-populated\">\n\t\t\t\t\t\t\t<div class=\"elementor-widget-wrap\">\n\t\t\t\t\t\t<div class=\"elementor-element elementor-element-44fb815 elementor-widget elementor-widget-image\" data-id=\"44fb815\" data-element_type=\"widget\" data-widget_type=\"image.default\">\n\t\t\t\t<div class=\"elementor-widget-container\">\n\t\t\t\t\t\t\t\t<div class=\"elementor-image\">\n\t\t\t\t\t\t\t\t\t\t\t\t<img width=\"800\" height=\"600\" src=\"https:\/\/dmbtape.com\/wp-content\/uploads\/2020\/12\/0001-800x600.jpg\" class=\"attachment-manufacturer_single size-manufacturer_single\" alt=\"\" loading=\"lazy\" \/>\t\t\t\t\t\t\t\t\t\t\t\t\t\t<\/div>\n\t\t\t\t\t\t<\/div>\n\t\t\t\t<\/div>\n\t\t\t\t\t\t<\/div>\n\t\t\t\t\t<\/div>\n\t\t<\/div>\n\t\t\t\t\t\t\t\t<\/div>\n\t\t\t\t\t<\/div>\n\t\t<\/section>\n\t\t\t\t<section class=\"elementor-section elementor-top-section elementor-element elementor-element-63ad594 elementor-section-stretched elementor-section-boxed elementor-section-height-default elementor-section-height-default\" data-id=\"63ad594\" data-element_type=\"section\" data-settings=\"{&quot;stretch_section&quot;:&quot;section-stretched&quot;}\">\n\t\t\t\t\t\t<div class=\"elementor-container elementor-column-gap-default\">\n\t\t\t\t\t\t\t<div class=\"elementor-row\">\n\t\t\t\t\t<div class=\"elementor-column elementor-col-100 elementor-top-column elementor-element elementor-element-4a7f304\" data-id=\"4a7f304\" data-element_type=\"column\">\n\t\t\t<div class=\"elementor-column-wrap elementor-element-populated\">\n\t\t\t\t\t\t\t<div class=\"elementor-widget-wrap\">\n\t\t\t\t\t\t<div class=\"elementor-element elementor-element-9f8f4f3 elementor-widget__width-initial elementor-widget elementor-widget-text-editor\" data-id=\"9f8f4f3\" data-element_type=\"widget\" data-widget_type=\"text-editor.default\">\n\t\t\t\t<div class=\"elementor-widget-container\">\n\t\t\t\t\t\t\t\t<div class=\"elementor-text-editor elementor-clearfix\">\n\t\t\t\t<p style=\"text-align: left;\"><strong>Filc<\/strong><\/p>\n<p style=\"text-align: left;\">Filc je dvostrana, samolepljiva dihtung traka sa  akrilat disperzijom. To zna\u010di da je ovaj proizvod vrlo otporan na temperaturu i da mo\u017ee npr. da lepi bez problema \u010dak i zimi. Filc se koristi s jedne strane za zvu\u010dnu izolaciju, a sa druge strane obezbe\u0111uje  odvajanje izme\u0111u zida i poda odnosno plafona.<\/p>\t\t\t\t\t<\/div>\n\t\t\t\t\t\t<\/div>\n\t\t\t\t<\/div>\n\t\t\t\t\t\t<\/div>\n\t\t\t\t\t<\/div>\n\t\t<\/div>\n\t\t\t\t\t\t\t\t<\/div>\n\t\t\t\t\t<\/div>\n\t\t<\/section>\n\t\t\t\t<section class=\"elementor-section elementor-top-section elementor-element elementor-element-8a1c145 elementor-section-height-min-height elementor-section-content-middle elementor-section-stretched elementor-section-boxed elementor-section-height-default elementor-section-items-middle\" data-id=\"8a1c145\" data-element_type=\"section\" data-settings=\"{&quot;stretch_section&quot;:&quot;section-stretched&quot;}\">\n\t\t\t\t\t\t<div class=\"elementor-container elementor-column-gap-wider\">\n\t\t\t\t\t\t\t<div class=\"elementor-row\">\n\t\t\t\t\t<div class=\"elementor-column elementor-col-33 elementor-top-column elementor-element elementor-element-8b9fcbe\" data-id=\"8b9fcbe\" data-element_type=\"column\">\n\t\t\t<div class=\"elementor-column-wrap elementor-element-populated\">\n\t\t\t\t\t\t\t<div class=\"elementor-widget-wrap\">\n\t\t\t\t\t\t<div class=\"elementor-element elementor-element-e1cae7c elementor-widget elementor-widget-image\" data-id=\"e1cae7c\" data-element_type=\"widget\" data-widget_type=\"image.default\">\n\t\t\t\t<div class=\"elementor-widget-container\">\n\t\t\t\t\t\t\t\t<div class=\"elementor-image\">\n\t\t\t\t\t\t\t\t\t\t\t\t<img width=\"1600\" height=\"1067\" src=\"https:\/\/dmbtape.com\/wp-content\/uploads\/2020\/12\/IMG_9198-1600x1067.jpg\" class=\"attachment-manufacturer_full size-manufacturer_full\" alt=\"\" loading=\"lazy\" srcset=\"https:\/\/dmbtape.com\/wp-content\/uploads\/2020\/12\/IMG_9198-1600x1067.jpg 1600w, https:\/\/dmbtape.com\/wp-content\/uploads\/2020\/12\/IMG_9198-300x200.jpg 300w, https:\/\/dmbtape.com\/wp-content\/uploads\/2020\/12\/IMG_9198-1024x683.jpg 1024w, https:\/\/dmbtape.com\/wp-content\/uploads\/2020\/12\/IMG_9198-768x512.jpg 768w, https:\/\/dmbtape.com\/wp-content\/uploads\/2020\/12\/IMG_9198-1536x1024.jpg 1536w, https:\/\/dmbtape.com\/wp-content\/uploads\/2020\/12\/IMG_9198-2048x1365.jpg 2048w, https:\/\/dmbtape.com\/wp-content\/uploads\/2020\/12\/IMG_9198-285x190.jpg 285w, https:\/\/dmbtape.com\/wp-content\/uploads\/2020\/12\/IMG_9198-660x440.jpg 660w, https:\/\/dmbtape.com\/wp-content\/uploads\/2020\/12\/IMG_9198-150x100.jpg 150w\" sizes=\"(max-width: 1600px) 100vw, 1600px\" \/>\t\t\t\t\t\t\t\t\t\t\t\t\t\t<\/div>\n\t\t\t\t\t\t<\/div>\n\t\t\t\t<\/div>\n\t\t\t\t\t\t<\/div>\n\t\t\t\t\t<\/div>\n\t\t<\/div>\n\t\t\t\t<div class=\"elementor-column elementor-col-33 elementor-top-column elementor-element elementor-element-88c567c\" data-id=\"88c567c\" data-element_type=\"column\">\n\t\t\t<div class=\"elementor-column-wrap elementor-element-populated\">\n\t\t\t\t\t\t\t<div class=\"elementor-widget-wrap\">\n\t\t\t\t\t\t<div class=\"elementor-element elementor-element-7cf1762 elementor-widget elementor-widget-image\" data-id=\"7cf1762\" data-element_type=\"widget\" data-widget_type=\"image.default\">\n\t\t\t\t<div class=\"elementor-widget-container\">\n\t\t\t\t\t\t\t\t<div class=\"elementor-image\">\n\t\t\t\t\t\t\t\t\t\t\t\t<img width=\"800\" height=\"600\" src=\"https:\/\/dmbtape.com\/wp-content\/uploads\/2020\/12\/0005-800x600.jpg\" class=\"attachment-manufacturer_single size-manufacturer_single\" alt=\"\" loading=\"lazy\" \/>\t\t\t\t\t\t\t\t\t\t\t\t\t\t<\/div>\n\t\t\t\t\t\t<\/div>\n\t\t\t\t<\/div>\n\t\t\t\t\t\t<\/div>\n\t\t\t\t\t<\/div>\n\t\t<\/div>\n\t\t\t\t<div class=\"elementor-column elementor-col-33 elementor-top-column elementor-element elementor-element-26aa43a\" data-id=\"26aa43a\" data-element_type=\"column\">\n\t\t\t<div class=\"elementor-column-wrap elementor-element-populated\">\n\t\t\t\t\t\t\t<div class=\"elementor-widget-wrap\">\n\t\t\t\t\t\t<div class=\"elementor-element elementor-element-0b3f10a elementor-widget elementor-widget-image\" data-id=\"0b3f10a\" data-element_type=\"widget\" data-widget_type=\"image.default\">\n\t\t\t\t<div class=\"elementor-widget-container\">\n\t\t\t\t\t\t\t\t<div class=\"elementor-image\">\n\t\t\t\t\t\t\t\t\t\t\t\t<img width=\"800\" height=\"600\" src=\"https:\/\/dmbtape.com\/wp-content\/uploads\/2020\/12\/IMG_9201-800x600.jpg\" class=\"attachment-manufacturer_single size-manufacturer_single\" alt=\"\" loading=\"lazy\" \/>\t\t\t\t\t\t\t\t\t\t\t\t\t\t<\/div>\n\t\t\t\t\t\t<\/div>\n\t\t\t\t<\/div>\n\t\t\t\t\t\t<\/div>\n\t\t\t\t\t<\/div>\n\t\t<\/div>\n\t\t\t\t\t\t\t\t<\/div>\n\t\t\t\t\t<\/div>\n\t\t<\/section>\n\t\t\t\t<section class=\"elementor-section elementor-top-section elementor-element elementor-element-b9ebade elementor-section-stretched elementor-section-boxed elementor-section-height-default elementor-section-height-default\" data-id=\"b9ebade\" data-element_type=\"section\" data-settings=\"{&quot;stretch_section&quot;:&quot;section-stretched&quot;}\">\n\t\t\t\t\t\t<div class=\"elementor-container elementor-column-gap-default\">\n\t\t\t\t\t\t\t<div class=\"elementor-row\">\n\t\t\t\t\t<div class=\"elementor-column elementor-col-100 elementor-top-column elementor-element elementor-element-ec89669\" data-id=\"ec89669\" data-element_type=\"column\">\n\t\t\t<div class=\"elementor-column-wrap elementor-element-populated\">\n\t\t\t\t\t\t\t<div class=\"elementor-widget-wrap\">\n\t\t\t\t\t\t<div class=\"elementor-element elementor-element-5b11c30 elementor-widget__width-initial elementor-widget elementor-widget-text-editor\" data-id=\"5b11c30\" data-element_type=\"widget\" data-widget_type=\"text-editor.default\">\n\t\t\t\t<div class=\"elementor-widget-container\">\n\t\t\t\t\t\t\t\t<div class=\"elementor-text-editor elementor-clearfix\">\n\t\t\t\t<p style=\"text-align: left;\"><span style=\"color: #5c5c5c;\"><strong>Trenn-Fix<\/strong><\/span><\/p>\n<p style=\"text-align: left;\"><span style=\"color: #5c5c5c;\">Trenn-fix je papirna razdelna traka  koja se sastoji od silikoniziranog papira i na samoj ivici ima samolepljivu  traku. Mo\u017ee se koristiti i kao zaptivna traka i kao pokrivna traka u suvoj gradnji. Trenn-Fix se nanosi \u010disto, dobro prijanja, ne gubi oblik \u010dak ni kod vlage i ostaje ravna.<\/span><\/p>\t\t\t\t\t<\/div>\n\t\t\t\t\t\t<\/div>\n\t\t\t\t<\/div>\n\t\t\t\t\t\t<\/div>\n\t\t\t\t\t<\/div>\n\t\t<\/div>\n\t\t\t\t\t\t\t\t<\/div>\n\t\t\t\t\t<\/div>\n\t\t<\/section>\n\t\t\t\t<section class=\"elementor-section elementor-top-section elementor-element elementor-element-a81a75b elementor-section-full_width elementor-section-stretched elementor-section-height-default elementor-section-height-default\" data-id=\"a81a75b\" data-element_type=\"section\" data-settings=\"{&quot;stretch_section&quot;:&quot;section-stretched&quot;}\">\n\t\t\t\t\t\t<div class=\"elementor-container elementor-column-gap-default\">\n\t\t\t\t\t\t\t<div class=\"elementor-row\">\n\t\t\t\t\t<div class=\"elementor-column elementor-col-100 elementor-top-column elementor-element elementor-element-c788b0c\" data-id=\"c788b0c\" data-element_type=\"column\">\n\t\t\t<div class=\"elementor-column-wrap elementor-element-populated\">\n\t\t\t\t\t\t\t<div class=\"elementor-widget-wrap\">\n\t\t\t\t\t\t<div class=\"elementor-element elementor-element-3f719c5 elementor-widget elementor-widget-image\" data-id=\"3f719c5\" data-element_type=\"widget\" data-widget_type=\"image.default\">\n\t\t\t\t<div class=\"elementor-widget-container\">\n\t\t\t\t\t\t\t\t<div class=\"elementor-image\">\n\t\t\t\t\t\t\t\t\t\t\t\t<img width=\"800\" height=\"600\" src=\"https:\/\/dmbtape.com\/wp-content\/uploads\/2020\/12\/0022-800x600.jpg\" class=\"attachment-manufacturer_single size-manufacturer_single\" alt=\"\" loading=\"lazy\" \/>\t\t\t\t\t\t\t\t\t\t\t\t\t\t<\/div>\n\t\t\t\t\t\t<\/div>\n\t\t\t\t<\/div>\n\t\t\t\t\t\t<\/div>\n\t\t\t\t\t<\/div>\n\t\t<\/div>\n\t\t\t\t\t\t\t\t<\/div>\n\t\t\t\t\t<\/div>\n\t\t<\/section>\n\t\t\t\t<section class=\"elementor-section elementor-top-section elementor-element elementor-element-d124001 elementor-section-stretched elementor-section-boxed elementor-section-height-default elementor-section-height-default\" data-id=\"d124001\" data-element_type=\"section\" data-settings=\"{&quot;stretch_section&quot;:&quot;section-stretched&quot;}\">\n\t\t\t\t\t\t<div class=\"elementor-container elementor-column-gap-default\">\n\t\t\t\t\t\t\t<div class=\"elementor-row\">\n\t\t\t\t\t<div class=\"elementor-column elementor-col-100 elementor-top-column elementor-element elementor-element-55cfbff\" data-id=\"55cfbff\" data-element_type=\"column\">\n\t\t\t<div class=\"elementor-column-wrap elementor-element-populated\">\n\t\t\t\t\t\t\t<div class=\"elementor-widget-wrap\">\n\t\t\t\t\t\t<div class=\"elementor-element elementor-element-73752dc elementor-widget__width-initial elementor-widget elementor-widget-text-editor\" data-id=\"73752dc\" data-element_type=\"widget\" data-widget_type=\"text-editor.default\">\n\t\t\t\t<div class=\"elementor-widget-container\">\n\t\t\t\t\t\t\t\t<div class=\"elementor-text-editor elementor-clearfix\">\n\t\t\t\t<p style=\"text-align: left;\"><span style=\"color: #5c5c5c;\"><strong>Trake za razdvajanje<\/strong><\/span><\/p>\n<p style=\"text-align: left;\"><span style=\"color: #5c5c5c;\">Ova  traka za razdvajanje je posebno presvu\u010dena papirna traka koja na ivici ima lepak osetljiv na pritisak i na taj na\u010din obezbe\u0111uje vrlo visoku \u010dvrstoc\u0301u lepljenja. Koristi se  kao  traka za razdvajanje pri povezivanju sistema gips plo\u010da sa bilo kojim komponentama i kao razdvajanje izme\u0111u sistema gips plo\u010da. Po\u0161to se lepak koristi samo na ivici, preostali ostatak trake mo\u017ee se bez problema i \u010disto odsec\u0301i na ivici gipsane plo\u010de.<\/span>\n<span style=\"color: #5c5c5c;\">Buduc\u0301i da se na\u0161 svet neprestano menja i da se standardi moraju neprestano prilago\u0111avati, sada nudimo i posebne  trake za razdvajanje koje sadr\u017ee sredstvo za za\u0161titu od po\u017eara i tako zadovoljavaju odre\u0111ene klase po\u017eara. Molimo Vas da nas kontaktirate za dalje informacije.<\/span><\/p>\t\t\t\t\t<\/div>\n\t\t\t\t\t\t<\/div>\n\t\t\t\t<\/div>\n\t\t\t\t\t\t<\/div>\n\t\t\t\t\t<\/div>\n\t\t<\/div>\n\t\t\t\t\t\t\t\t<\/div>\n\t\t\t\t\t<\/div>\n\t\t<\/section>\n\t\t\t\t<section class=\"elementor-section elementor-top-section elementor-element elementor-element-20ec551 elementor-section-full_width elementor-section-stretched elementor-section-height-default elementor-section-height-default\" data-id=\"20ec551\" data-element_type=\"section\" data-settings=\"{&quot;stretch_section&quot;:&quot;section-stretched&quot;}\">\n\t\t\t\t\t\t<div class=\"elementor-container elementor-column-gap-default\">\n\t\t\t\t\t\t\t<div class=\"elementor-row\">\n\t\t\t\t\t<div class=\"elementor-column elementor-col-50 elementor-top-column elementor-element elementor-element-8b86d85\" data-id=\"8b86d85\" data-element_type=\"column\">\n\t\t\t<div class=\"elementor-column-wrap elementor-element-populated\">\n\t\t\t\t\t\t\t<div class=\"elementor-widget-wrap\">\n\t\t\t\t\t\t<div class=\"elementor-element elementor-element-7e5c1ae elementor-widget elementor-widget-image\" data-id=\"7e5c1ae\" data-element_type=\"widget\" data-widget_type=\"image.default\">\n\t\t\t\t<div class=\"elementor-widget-container\">\n\t\t\t\t\t\t\t\t<div class=\"elementor-image\">\n\t\t\t\t\t\t\t\t\t\t\t\t<img src=\"https:\/\/dmbtape.com\/wp-content\/uploads\/2020\/12\/IMG_9203-scaled.jpg\" title=\"IMG_9203\" alt=\"IMG_9203\" \/>\t\t\t\t\t\t\t\t\t\t\t\t\t\t<\/div>\n\t\t\t\t\t\t<\/div>\n\t\t\t\t<\/div>\n\t\t\t\t\t\t<\/div>\n\t\t\t\t\t<\/div>\n\t\t<\/div>\n\t\t\t\t<div class=\"elementor-column elementor-col-50 elementor-top-column elementor-element elementor-element-d1a846d\" data-id=\"d1a846d\" data-element_type=\"column\">\n\t\t\t<div class=\"elementor-column-wrap elementor-element-populated\">\n\t\t\t\t\t\t\t<div class=\"elementor-widget-wrap\">\n\t\t\t\t\t\t<div class=\"elementor-element elementor-element-63781f9 elementor-widget elementor-widget-image\" data-id=\"63781f9\" data-element_type=\"widget\" data-widget_type=\"image.default\">\n\t\t\t\t<div class=\"elementor-widget-container\">\n\t\t\t\t\t\t\t\t<div class=\"elementor-image\">\n\t\t\t\t\t\t\t\t\t\t\t\t<img width=\"600\" height=\"550\" src=\"https:\/\/dmbtape.com\/wp-content\/uploads\/2020\/12\/IMG_9210-600x550.jpg\" class=\"attachment-manufacturer_medium size-manufacturer_medium\" alt=\"\" loading=\"lazy\" \/>\t\t\t\t\t\t\t\t\t\t\t\t\t\t<\/div>\n\t\t\t\t\t\t<\/div>\n\t\t\t\t<\/div>\n\t\t\t\t\t\t<\/div>\n\t\t\t\t\t<\/div>\n\t\t<\/div>\n\t\t\t\t\t\t\t\t<\/div>\n\t\t\t\t\t<\/div>\n\t\t<\/section>\n\t\t\t\t<section class=\"elementor-section elementor-top-section elementor-element elementor-element-a7ef4dd elementor-section-stretched elementor-section-boxed elementor-section-height-default elementor-section-height-default\" data-id=\"a7ef4dd\" data-element_type=\"section\" data-settings=\"{&quot;stretch_section&quot;:&quot;section-stretched&quot;}\">\n\t\t\t\t\t\t<div class=\"elementor-container elementor-column-gap-default\">\n\t\t\t\t\t\t\t<div class=\"elementor-row\">\n\t\t\t\t\t<div class=\"elementor-column elementor-col-100 elementor-top-column elementor-element elementor-element-742f3e2\" data-id=\"742f3e2\" data-element_type=\"column\">\n\t\t\t<div class=\"elementor-column-wrap elementor-element-populated\">\n\t\t\t\t\t\t\t<div class=\"elementor-widget-wrap\">\n\t\t\t\t\t\t<div class=\"elementor-element elementor-element-be9b130 elementor-widget__width-initial elementor-widget elementor-widget-text-editor\" data-id=\"be9b130\" data-element_type=\"widget\" data-widget_type=\"text-editor.default\">\n\t\t\t\t<div class=\"elementor-widget-container\">\n\t\t\t\t\t\t\t\t<div class=\"elementor-text-editor elementor-clearfix\">\n\t\t\t\t<p style=\"text-align: left;\"><span style=\"color: #5c5c5c;\"><strong>Zaptivne trake za pri\u010dvrsna mesta na krovnim konstrukcijama<\/strong><\/span><\/p>\n<p style=\"text-align: left;\"><span style=\"color: #5c5c5c;\">U zavisnosti od primene, mogu biti izra\u0111ene od PE, PVC ili EPDM pena. Nezavisno od pene, ova zaptivna traka je samoljepljiva sa jedne strane. Koristi se kao zaptivna podloga izme\u0111u kontra letvi i krovne membrane.\nDimenzije svih proizvoda mogu se prilagoditi va\u0161im potrebama. Pored toga, nudimo i dodavanje natpisa na unutra\u0161njem delu kartonske hilzne na koju se namotavaju proizvodi, tako da svaka rolna mo\u017ee biti opremljena va\u0161im logotipom i tako biti jedinstvena.\n<\/span><\/p>\t\t\t\t\t<\/div>\n\t\t\t\t\t\t<\/div>\n\t\t\t\t<\/div>\n\t\t\t\t\t\t<\/div>\n\t\t\t\t\t<\/div>\n\t\t<\/div>\n\t\t\t\t\t\t\t\t<\/div>\n\t\t\t\t\t<\/div>\n\t\t<\/section>\n\t\t\t\t\t\t\t\t\t<\/div>\n\t\t\t<\/div>\n\t\t\t\t\t<\/div>","protected":false},"excerpt":{"rendered":"<p>For dry construction, we offer a range of products, namely felt, Trenn-fix (self-adhesive separation tape for joints), standardized&#8230;<\/p>","protected":false},"author":1,"featured_media":0,"parent":0,"menu_order":0,"comment_status":"closed","ping_status":"closed","template":"","meta":[],"_links":{"self":[{"href":"https:\/\/dmbtape.com\/sr\/wp-json\/wp\/v2\/pages\/3102"}],"collection":[{"href":"https:\/\/dmbtape.com\/sr\/wp-json\/wp\/v2\/pages"}],"about":[{"href":"https:\/\/dmbtape.com\/sr\/wp-json\/wp\/v2\/types\/page"}],"author":[{"embeddable":true,"href":"https:\/\/dmbtape.com\/sr\/wp-json\/wp\/v2\/users\/1"}],"replies":[{"embeddable":true,"href":"https:\/\/dmbtape.com\/sr\/wp-json\/wp\/v2\/comments?post=3102"}],"version-history":[{"count":0,"href":"https:\/\/dmbtape.com\/sr\/wp-json\/wp\/v2\/pages\/3102\/revisions"}],"wp:attachment":[{"href":"https:\/\/dmbtape.com\/sr\/wp-json\/wp\/v2\/media?parent=3102"}],"curies":[{"name":"wp","href":"https:\/\/api.w.org\/{rel}","templated":true}]}}