{"id":10,"date":"2020-12-03T12:37:33","date_gmt":"2020-12-03T11:37:33","guid":{"rendered":"http:\/\/dmbtape.com\/?page_id=10"},"modified":"2021-03-21T12:03:25","modified_gmt":"2021-03-21T11:03:25","slug":"services","status":"publish","type":"page","link":"https:\/\/dmbtape.com\/sr\/services\/","title":{"rendered":"Usluge"},"content":{"rendered":"<div data-elementor-type=\"wp-page\" data-elementor-id=\"10\" class=\"elementor elementor-10\">\n\t\t\t\t\t\t<div class=\"elementor-inner\">\n\t\t\t\t<div class=\"elementor-section-wrap\">\n\t\t\t\t\t\t\t\t\t<section class=\"elementor-section elementor-top-section elementor-element elementor-element-4e84ca67 elementor-section-stretched elementor-section-boxed elementor-section-height-default elementor-section-height-default\" data-id=\"4e84ca67\" data-element_type=\"section\" data-settings=\"{&quot;stretch_section&quot;:&quot;section-stretched&quot;}\">\n\t\t\t\t\t\t<div class=\"elementor-container elementor-column-gap-default\">\n\t\t\t\t\t\t\t<div class=\"elementor-row\">\n\t\t\t\t\t<div class=\"elementor-column elementor-col-100 elementor-top-column elementor-element elementor-element-79ae5efb\" data-id=\"79ae5efb\" data-element_type=\"column\">\n\t\t\t<div class=\"elementor-column-wrap elementor-element-populated\">\n\t\t\t\t\t\t\t<div class=\"elementor-widget-wrap\">\n\t\t\t\t\t\t<div class=\"elementor-element elementor-element-a0e9b46 elementor-widget elementor-widget-spacer\" data-id=\"a0e9b46\" data-element_type=\"widget\" data-widget_type=\"spacer.default\">\n\t\t\t\t<div class=\"elementor-widget-container\">\n\t\t\t\t\t<div class=\"elementor-spacer\">\n\t\t\t<div class=\"elementor-spacer-inner\"><\/div>\n\t\t<\/div>\n\t\t\t\t<\/div>\n\t\t\t\t<\/div>\n\t\t\t\t<div class=\"elementor-element elementor-element-b4b9da4 elementor-widget elementor-widget-spacer\" data-id=\"b4b9da4\" data-element_type=\"widget\" data-widget_type=\"spacer.default\">\n\t\t\t\t<div class=\"elementor-widget-container\">\n\t\t\t\t\t<div class=\"elementor-spacer\">\n\t\t\t<div class=\"elementor-spacer-inner\"><\/div>\n\t\t<\/div>\n\t\t\t\t<\/div>\n\t\t\t\t<\/div>\n\t\t\t\t<div class=\"elementor-element elementor-element-711108e elementor-widget__width-initial elementor-widget elementor-widget-text-editor\" data-id=\"711108e\" data-element_type=\"widget\" data-widget_type=\"text-editor.default\">\n\t\t\t\t<div class=\"elementor-widget-container\">\n\t\t\t\t\t\t\t\t<div class=\"elementor-text-editor elementor-clearfix\">\n\t\t\t\t<span style=\"text-align: right\">Premazujemo razne materijale poput pene, plute ili gume akrilatnim i Hotmelt lepkovima. Premazivani odnosno nepremazivani materijal tako\u0111e se mo\u017ee precizno isec\u0301i na odre\u0111enu du\u017einu. Pored toga, nudimo ka\u0161iranje  bilo koje kombinacije materijala kao i same radove uz naknadu.<\/span>\t\t\t\t\t<\/div>\n\t\t\t\t\t\t<\/div>\n\t\t\t\t<\/div>\n\t\t\t\t<div class=\"elementor-element elementor-element-f56d6bc elementor-widget elementor-widget-spacer\" data-id=\"f56d6bc\" data-element_type=\"widget\" data-widget_type=\"spacer.default\">\n\t\t\t\t<div class=\"elementor-widget-container\">\n\t\t\t\t\t<div class=\"elementor-spacer\">\n\t\t\t<div class=\"elementor-spacer-inner\"><\/div>\n\t\t<\/div>\n\t\t\t\t<\/div>\n\t\t\t\t<\/div>\n\t\t\t\t\t\t<\/div>\n\t\t\t\t\t<\/div>\n\t\t<\/div>\n\t\t\t\t\t\t\t\t<\/div>\n\t\t\t\t\t<\/div>\n\t\t<\/section>\n\t\t\t\t<section class=\"elementor-section elementor-top-section elementor-element elementor-element-8dafa17 elementor-section-full_width elementor-section-content-middle elementor-section-stretched elementor-section-height-default elementor-section-height-default\" data-id=\"8dafa17\" data-element_type=\"section\" data-settings=\"{&quot;stretch_section&quot;:&quot;section-stretched&quot;}\">\n\t\t\t\t\t\t<div class=\"elementor-container elementor-column-gap-default\">\n\t\t\t\t\t\t\t<div class=\"elementor-row\">\n\t\t\t\t\t<div class=\"elementor-column elementor-col-50 elementor-top-column elementor-element elementor-element-60d8e9a\" data-id=\"60d8e9a\" data-element_type=\"column\">\n\t\t\t<div class=\"elementor-column-wrap elementor-element-populated\">\n\t\t\t\t\t\t\t<div class=\"elementor-widget-wrap\">\n\t\t\t\t\t\t<div class=\"elementor-element elementor-element-bf1bf59 elementor-widget elementor-widget-image\" data-id=\"bf1bf59\" data-element_type=\"widget\" data-widget_type=\"image.default\">\n\t\t\t\t<div class=\"elementor-widget-container\">\n\t\t\t\t\t\t\t\t<div class=\"elementor-image\">\n\t\t\t\t\t\t\t\t\t\t\t\t<img width=\"940\" height=\"627\" src=\"https:\/\/dmbtape.com\/wp-content\/uploads\/2020\/12\/0002-1024x683.jpg\" class=\"attachment-large size-large\" alt=\"\" loading=\"lazy\" srcset=\"https:\/\/dmbtape.com\/wp-content\/uploads\/2020\/12\/0002-1024x683.jpg 1024w, https:\/\/dmbtape.com\/wp-content\/uploads\/2020\/12\/0002-300x200.jpg 300w, https:\/\/dmbtape.com\/wp-content\/uploads\/2020\/12\/0002-768x512.jpg 768w, https:\/\/dmbtape.com\/wp-content\/uploads\/2020\/12\/0002-1536x1024.jpg 1536w, https:\/\/dmbtape.com\/wp-content\/uploads\/2020\/12\/0002-2048x1365.jpg 2048w, https:\/\/dmbtape.com\/wp-content\/uploads\/2020\/12\/0002-285x190.jpg 285w, https:\/\/dmbtape.com\/wp-content\/uploads\/2020\/12\/0002-1600x1067.jpg 1600w, https:\/\/dmbtape.com\/wp-content\/uploads\/2020\/12\/0002-660x440.jpg 660w, https:\/\/dmbtape.com\/wp-content\/uploads\/2020\/12\/0002-150x100.jpg 150w\" sizes=\"(max-width: 940px) 100vw, 940px\" \/>\t\t\t\t\t\t\t\t\t\t\t\t\t\t<\/div>\n\t\t\t\t\t\t<\/div>\n\t\t\t\t<\/div>\n\t\t\t\t\t\t<\/div>\n\t\t\t\t\t<\/div>\n\t\t<\/div>\n\t\t\t\t<div class=\"elementor-column elementor-col-50 elementor-top-column elementor-element elementor-element-9476675\" data-id=\"9476675\" data-element_type=\"column\">\n\t\t\t<div class=\"elementor-column-wrap elementor-element-populated\">\n\t\t\t\t\t\t\t<div class=\"elementor-widget-wrap\">\n\t\t\t\t\t\t<div class=\"elementor-element elementor-element-e266546 elementor-widget elementor-widget-image\" data-id=\"e266546\" data-element_type=\"widget\" data-widget_type=\"image.default\">\n\t\t\t\t<div class=\"elementor-widget-container\">\n\t\t\t\t\t\t\t\t<div class=\"elementor-image\">\n\t\t\t\t\t\t\t\t\t\t\t\t<img width=\"940\" height=\"627\" src=\"https:\/\/dmbtape.com\/wp-content\/uploads\/2020\/12\/0003-1024x683.jpg\" class=\"attachment-large size-large\" alt=\"\" loading=\"lazy\" srcset=\"https:\/\/dmbtape.com\/wp-content\/uploads\/2020\/12\/0003-1024x683.jpg 1024w, https:\/\/dmbtape.com\/wp-content\/uploads\/2020\/12\/0003-300x200.jpg 300w, https:\/\/dmbtape.com\/wp-content\/uploads\/2020\/12\/0003-768x512.jpg 768w, https:\/\/dmbtape.com\/wp-content\/uploads\/2020\/12\/0003-1536x1024.jpg 1536w, https:\/\/dmbtape.com\/wp-content\/uploads\/2020\/12\/0003-2048x1365.jpg 2048w, https:\/\/dmbtape.com\/wp-content\/uploads\/2020\/12\/0003-285x190.jpg 285w, https:\/\/dmbtape.com\/wp-content\/uploads\/2020\/12\/0003-1600x1067.jpg 1600w, https:\/\/dmbtape.com\/wp-content\/uploads\/2020\/12\/0003-660x440.jpg 660w, https:\/\/dmbtape.com\/wp-content\/uploads\/2020\/12\/0003-150x100.jpg 150w\" sizes=\"(max-width: 940px) 100vw, 940px\" \/>\t\t\t\t\t\t\t\t\t\t\t\t\t\t<\/div>\n\t\t\t\t\t\t<\/div>\n\t\t\t\t<\/div>\n\t\t\t\t\t\t<\/div>\n\t\t\t\t\t<\/div>\n\t\t<\/div>\n\t\t\t\t\t\t\t\t<\/div>\n\t\t\t\t\t<\/div>\n\t\t<\/section>\n\t\t\t\t<section class=\"elementor-section elementor-top-section elementor-element elementor-element-dda5d70 elementor-section-full_width elementor-section-stretched elementor-section-height-default elementor-section-height-default\" data-id=\"dda5d70\" data-element_type=\"section\" data-settings=\"{&quot;stretch_section&quot;:&quot;section-stretched&quot;}\">\n\t\t\t\t\t\t<div class=\"elementor-container elementor-column-gap-default\">\n\t\t\t\t\t\t\t<div class=\"elementor-row\">\n\t\t\t\t\t<div class=\"elementor-column elementor-col-50 elementor-top-column elementor-element elementor-element-8be2eda\" data-id=\"8be2eda\" data-element_type=\"column\">\n\t\t\t<div class=\"elementor-column-wrap elementor-element-populated\">\n\t\t\t\t\t\t\t<div class=\"elementor-widget-wrap\">\n\t\t\t\t\t\t<div class=\"elementor-element elementor-element-5c7e719 elementor-widget elementor-widget-image\" data-id=\"5c7e719\" data-element_type=\"widget\" data-widget_type=\"image.default\">\n\t\t\t\t<div class=\"elementor-widget-container\">\n\t\t\t\t\t\t\t\t<div class=\"elementor-image\">\n\t\t\t\t\t\t\t\t\t\t\t\t<img width=\"940\" height=\"627\" src=\"https:\/\/dmbtape.com\/wp-content\/uploads\/2020\/12\/0007-1024x683.jpg\" class=\"attachment-large size-large\" alt=\"\" loading=\"lazy\" srcset=\"https:\/\/dmbtape.com\/wp-content\/uploads\/2020\/12\/0007-1024x683.jpg 1024w, https:\/\/dmbtape.com\/wp-content\/uploads\/2020\/12\/0007-300x200.jpg 300w, https:\/\/dmbtape.com\/wp-content\/uploads\/2020\/12\/0007-768x512.jpg 768w, https:\/\/dmbtape.com\/wp-content\/uploads\/2020\/12\/0007-1536x1024.jpg 1536w, https:\/\/dmbtape.com\/wp-content\/uploads\/2020\/12\/0007-2048x1365.jpg 2048w, https:\/\/dmbtape.com\/wp-content\/uploads\/2020\/12\/0007-285x190.jpg 285w, https:\/\/dmbtape.com\/wp-content\/uploads\/2020\/12\/0007-1600x1067.jpg 1600w, https:\/\/dmbtape.com\/wp-content\/uploads\/2020\/12\/0007-660x440.jpg 660w, https:\/\/dmbtape.com\/wp-content\/uploads\/2020\/12\/0007-150x100.jpg 150w\" sizes=\"(max-width: 940px) 100vw, 940px\" \/>\t\t\t\t\t\t\t\t\t\t\t\t\t\t<\/div>\n\t\t\t\t\t\t<\/div>\n\t\t\t\t<\/div>\n\t\t\t\t\t\t<\/div>\n\t\t\t\t\t<\/div>\n\t\t<\/div>\n\t\t\t\t<div class=\"elementor-column elementor-col-50 elementor-top-column elementor-element elementor-element-305e259\" data-id=\"305e259\" data-element_type=\"column\">\n\t\t\t<div class=\"elementor-column-wrap elementor-element-populated\">\n\t\t\t\t\t\t\t<div class=\"elementor-widget-wrap\">\n\t\t\t\t\t\t<div class=\"elementor-element elementor-element-5eb87d9 elementor-widget elementor-widget-image\" data-id=\"5eb87d9\" data-element_type=\"widget\" data-widget_type=\"image.default\">\n\t\t\t\t<div class=\"elementor-widget-container\">\n\t\t\t\t\t\t\t\t<div class=\"elementor-image\">\n\t\t\t\t\t\t\t\t\t\t\t\t<img width=\"940\" height=\"627\" src=\"https:\/\/dmbtape.com\/wp-content\/uploads\/2020\/12\/0008-1024x683.jpg\" class=\"attachment-large size-large\" alt=\"\" loading=\"lazy\" srcset=\"https:\/\/dmbtape.com\/wp-content\/uploads\/2020\/12\/0008-1024x683.jpg 1024w, https:\/\/dmbtape.com\/wp-content\/uploads\/2020\/12\/0008-300x200.jpg 300w, https:\/\/dmbtape.com\/wp-content\/uploads\/2020\/12\/0008-768x512.jpg 768w, https:\/\/dmbtape.com\/wp-content\/uploads\/2020\/12\/0008-1536x1024.jpg 1536w, https:\/\/dmbtape.com\/wp-content\/uploads\/2020\/12\/0008-2048x1365.jpg 2048w, https:\/\/dmbtape.com\/wp-content\/uploads\/2020\/12\/0008-285x190.jpg 285w, https:\/\/dmbtape.com\/wp-content\/uploads\/2020\/12\/0008-1600x1067.jpg 1600w, https:\/\/dmbtape.com\/wp-content\/uploads\/2020\/12\/0008-660x440.jpg 660w, https:\/\/dmbtape.com\/wp-content\/uploads\/2020\/12\/0008-150x100.jpg 150w\" sizes=\"(max-width: 940px) 100vw, 940px\" \/>\t\t\t\t\t\t\t\t\t\t\t\t\t\t<\/div>\n\t\t\t\t\t\t<\/div>\n\t\t\t\t<\/div>\n\t\t\t\t\t\t<\/div>\n\t\t\t\t\t<\/div>\n\t\t<\/div>\n\t\t\t\t\t\t\t\t<\/div>\n\t\t\t\t\t<\/div>\n\t\t<\/section>\n\t\t\t\t\t\t\t\t\t<\/div>\n\t\t\t<\/div>\n\t\t\t\t\t<\/div>","protected":false},"excerpt":{"rendered":"<p>We perform coating on various materials such as foam, cork or rubber with acrylic and Hot melt adhesives&#8230;.<\/p>","protected":false},"author":1,"featured_media":0,"parent":0,"menu_order":0,"comment_status":"closed","ping_status":"closed","template":"","meta":[],"_links":{"self":[{"href":"https:\/\/dmbtape.com\/sr\/wp-json\/wp\/v2\/pages\/10"}],"collection":[{"href":"https:\/\/dmbtape.com\/sr\/wp-json\/wp\/v2\/pages"}],"about":[{"href":"https:\/\/dmbtape.com\/sr\/wp-json\/wp\/v2\/types\/page"}],"author":[{"embeddable":true,"href":"https:\/\/dmbtape.com\/sr\/wp-json\/wp\/v2\/users\/1"}],"replies":[{"embeddable":true,"href":"https:\/\/dmbtape.com\/sr\/wp-json\/wp\/v2\/comments?post=10"}],"version-history":[{"count":0,"href":"https:\/\/dmbtape.com\/sr\/wp-json\/wp\/v2\/pages\/10\/revisions"}],"wp:attachment":[{"href":"https:\/\/dmbtape.com\/sr\/wp-json\/wp\/v2\/media?parent=10"}],"curies":[{"name":"wp","href":"https:\/\/api.w.org\/{rel}","templated":true}]}}